{"id":9,"date":"2012-02-02T16:36:02","date_gmt":"2012-02-02T16:36:02","guid":{"rendered":"http:\/\/sites.ipleiria.pt\/tripela\/?page_id=9"},"modified":"2022-01-25T14:36:25","modified_gmt":"2022-01-25T14:36:25","slug":"regras","status":"publish","type":"page","link":"https:\/\/tripela.ipleiria.pt\/?page_id=9","title":{"rendered":"Regras"},"content":{"rendered":"<p><a href=\"http:\/\/tripela.ipleiria.pt\/files\/2012\/02\/cartoes.jpg\"><img loading=\"lazy\" decoding=\"async\" class=\"aligncenter size-full wp-image-315\" src=\"http:\/\/tripela.ipleiria.pt\/files\/2012\/02\/cartoes.jpg\" alt=\"\" width=\"410\" height=\"312\" srcset=\"https:\/\/tripela.ipleiria.pt\/files\/2012\/02\/cartoes.jpg 410w, https:\/\/tripela.ipleiria.pt\/files\/2012\/02\/cartoes-300x228.jpg 300w, https:\/\/tripela.ipleiria.pt\/files\/2012\/02\/cartoes-394x300.jpg 394w\" sizes=\"auto, (max-width: 410px) 100vw, 410px\" \/><\/a> Descarregue aqui as <a href=\"http:\/\/tripela.ipleiria.pt\/files\/2019\/10\/Regras-Oficiais-da-Tripela-2019-1.pdf\" target=\"_blank\" rel=\"noopener noreferrer\">Regras oficiais da Tripela <\/a>(edi\u00e7\u00e3o de Janeiro de 2019). Descarregue aqui as <a href=\"http:\/\/tripela.ipleiria.pt\/files\/2022\/01\/Regras-resumidas_2022_Tripela.pdf\">Regras resumidas<\/a> (edi\u00e7\u00e3o de Janeiro de 2022).<\/p>\n","protected":false},"excerpt":{"rendered":"<p>Descarregue aqui as Regras oficiais da Tripela (edi\u00e7\u00e3o de Janeiro de 2019). Descarregue aqui as Regras resumidas (edi\u00e7\u00e3o de Janeiro de 2022).<\/p>\n","protected":false},"author":36,"featured_media":0,"parent":0,"menu_order":30,"comment_status":"closed","ping_status":"closed","template":"","meta":{"footnotes":""},"class_list":["post-9","page","type-page","status-publish","hentry"],"_links":{"self":[{"href":"https:\/\/tripela.ipleiria.pt\/index.php?rest_route=\/wp\/v2\/pages\/9","targetHints":{"allow":["GET"]}}],"collection":[{"href":"https:\/\/tripela.ipleiria.pt\/index.php?rest_route=\/wp\/v2\/pages"}],"about":[{"href":"https:\/\/tripela.ipleiria.pt\/index.php?rest_route=\/wp\/v2\/types\/page"}],"author":[{"embeddable":true,"href":"https:\/\/tripela.ipleiria.pt\/index.php?rest_route=\/wp\/v2\/users\/36"}],"replies":[{"embeddable":true,"href":"https:\/\/tripela.ipleiria.pt\/index.php?rest_route=%2Fwp%2Fv2%2Fcomments&post=9"}],"version-history":[{"count":26,"href":"https:\/\/tripela.ipleiria.pt\/index.php?rest_route=\/wp\/v2\/pages\/9\/revisions"}],"predecessor-version":[{"id":547,"href":"https:\/\/tripela.ipleiria.pt\/index.php?rest_route=\/wp\/v2\/pages\/9\/revisions\/547"}],"wp:attachment":[{"href":"https:\/\/tripela.ipleiria.pt\/index.php?rest_route=%2Fwp%2Fv2%2Fmedia&parent=9"}],"curies":[{"name":"wp","href":"https:\/\/api.w.org\/{rel}","templated":true}]}}