{"id":6,"date":"2012-02-02T16:34:18","date_gmt":"2012-02-02T16:34:18","guid":{"rendered":"http:\/\/sites.ipleiria.pt\/tripela\/?page_id=6"},"modified":"2022-01-25T14:39:22","modified_gmt":"2022-01-25T14:39:22","slug":"historia","status":"publish","type":"page","link":"https:\/\/tripela.ipleiria.pt\/?page_id=6","title":{"rendered":"Hist\u00f3ria"},"content":{"rendered":"<p style=\"text-align: justify\">Criada pelo Professor Doutor Rui Matos, e com o apoio cr\u00edtico dos Professores Doutores Nuno Amaro e Pedro Morou\u00e7o, eis que surge, designadamente para todos os amantes do desporto, mais uma modalidade desportiva: a Tripela! Vivemos um tempo de aventura, de inova\u00e7\u00e3o, de utopia. E portanto uma \u00e9poca de questionamento do usual, do habitual, do corriqueiro. Questionar sempre foi a alavanca poderosa do conhecimento. Mas, se questionar \u00e9 desconstruir, \u00e9 tamb\u00e9m reconstruir. Os autores deste livro s\u00e3o tr\u00eas operosos \u201cagentes do desporto\u201d e portanto, se mant\u00eam vivo o esp\u00edrito cr\u00edtico, evitam a inova\u00e7\u00e3o pela inova\u00e7\u00e3o e procuram atrav\u00e9s da tripela, o que no desporto h\u00e1 de mais pedag\u00f3gico, de mais livre e libertador.<\/p>\n<p style=\"text-align: right\">Professor Manuel S\u00e9rgio in Livro da Tripela<\/p>\n","protected":false},"excerpt":{"rendered":"<p>Criada pelo Professor Doutor Rui Matos, e com o apoio cr\u00edtico dos Professores Doutores Nuno Amaro e Pedro Morou\u00e7o, eis que surge, designadamente para todos os amantes do desporto, mais uma modalidade desportiva: a Tripela! Vivemos um tempo de aventura, &hellip; <a href=\"https:\/\/tripela.ipleiria.pt\/?page_id=6\">Continuar a ler <span class=\"meta-nav\">&rarr;<\/span><\/a><\/p>\n","protected":false},"author":36,"featured_media":0,"parent":0,"menu_order":20,"comment_status":"closed","ping_status":"closed","template":"","meta":{"footnotes":""},"class_list":["post-6","page","type-page","status-publish","hentry"],"_links":{"self":[{"href":"https:\/\/tripela.ipleiria.pt\/index.php?rest_route=\/wp\/v2\/pages\/6","targetHints":{"allow":["GET"]}}],"collection":[{"href":"https:\/\/tripela.ipleiria.pt\/index.php?rest_route=\/wp\/v2\/pages"}],"about":[{"href":"https:\/\/tripela.ipleiria.pt\/index.php?rest_route=\/wp\/v2\/types\/page"}],"author":[{"embeddable":true,"href":"https:\/\/tripela.ipleiria.pt\/index.php?rest_route=\/wp\/v2\/users\/36"}],"replies":[{"embeddable":true,"href":"https:\/\/tripela.ipleiria.pt\/index.php?rest_route=%2Fwp%2Fv2%2Fcomments&post=6"}],"version-history":[{"count":9,"href":"https:\/\/tripela.ipleiria.pt\/index.php?rest_route=\/wp\/v2\/pages\/6\/revisions"}],"predecessor-version":[{"id":551,"href":"https:\/\/tripela.ipleiria.pt\/index.php?rest_route=\/wp\/v2\/pages\/6\/revisions\/551"}],"wp:attachment":[{"href":"https:\/\/tripela.ipleiria.pt\/index.php?rest_route=%2Fwp%2Fv2%2Fmedia&parent=6"}],"curies":[{"name":"wp","href":"https:\/\/api.w.org\/{rel}","templated":true}]}}