{"id":53,"date":"2012-02-03T22:26:23","date_gmt":"2012-02-03T22:26:23","guid":{"rendered":"http:\/\/sites.ipleiria.pt\/tripela\/?page_id=53"},"modified":"2022-01-25T14:31:32","modified_gmt":"2022-01-25T14:31:32","slug":"contatos","status":"publish","type":"page","link":"https:\/\/tripela.ipleiria.pt\/?page_id=53","title":{"rendered":"Contatos"},"content":{"rendered":"<p><strong>Comiss\u00e3o T\u00e9cnica<\/strong><\/p>\n<p>Professor Doutor Rui Matos &#8211; rui.matos@ipleiria.pt (criador da modalidade)<\/p>\n<p>Professor Doutor Nuno Amaro &#8211; <a href=\"mailto:nuno.amaro@ipleiria.pt\">nuno.amaro@ipleiria.pt<\/a><\/p>\n<p>Professor Doutor Pedro Morou\u00e7o &#8211; <a href=\"mailto:pedro.morouco@ipleiria.pt\">pedro.morouco@ipleiria.pt<\/a><\/p>\n<p><strong>Redes Sociais<\/strong><\/p>\n<p>Siga-nos:<br \/>\n&#8211; Facebook <strong>Tripela Ipl<\/strong><br \/>\n&#8211; Istagram <strong>tripela_ipleiria<\/strong><\/p>\n<p>email: <a href=\"mailto:tripela08@gmail.com\">tripela08@gmail.com<\/a><\/p>\n<p><strong>Secretariado &#8211; Gabinete de Apoio \u00e0 Forma\u00e7\u00e3o e Projetos (GAFP)<\/strong><\/p>\n<p>ESECS &#8211; Campus 1 Rua Dr. Jo\u00e3o Soares &#8211; Apartado 4045 2411-901 Leiria gafp.esecs@ipleiria.pt<\/p>\n","protected":false},"excerpt":{"rendered":"<p>Comiss\u00e3o T\u00e9cnica Professor Doutor Rui Matos &#8211; rui.matos@ipleiria.pt (criador da modalidade) Professor Doutor Nuno Amaro &#8211; nuno.amaro@ipleiria.pt Professor Doutor Pedro Morou\u00e7o &#8211; pedro.morouco@ipleiria.pt Redes Sociais Siga-nos: &#8211; Facebook Tripela Ipl &#8211; Istagram tripela_ipleiria email: tripela08@gmail.com Secretariado &#8211; Gabinete de Apoio &hellip; <a href=\"https:\/\/tripela.ipleiria.pt\/?page_id=53\">Continuar a ler <span class=\"meta-nav\">&rarr;<\/span><\/a><\/p>\n","protected":false},"author":36,"featured_media":0,"parent":0,"menu_order":90,"comment_status":"closed","ping_status":"closed","template":"","meta":{"footnotes":""},"class_list":["post-53","page","type-page","status-publish","hentry"],"_links":{"self":[{"href":"https:\/\/tripela.ipleiria.pt\/index.php?rest_route=\/wp\/v2\/pages\/53","targetHints":{"allow":["GET"]}}],"collection":[{"href":"https:\/\/tripela.ipleiria.pt\/index.php?rest_route=\/wp\/v2\/pages"}],"about":[{"href":"https:\/\/tripela.ipleiria.pt\/index.php?rest_route=\/wp\/v2\/types\/page"}],"author":[{"embeddable":true,"href":"https:\/\/tripela.ipleiria.pt\/index.php?rest_route=\/wp\/v2\/users\/36"}],"replies":[{"embeddable":true,"href":"https:\/\/tripela.ipleiria.pt\/index.php?rest_route=%2Fwp%2Fv2%2Fcomments&post=53"}],"version-history":[{"count":13,"href":"https:\/\/tripela.ipleiria.pt\/index.php?rest_route=\/wp\/v2\/pages\/53\/revisions"}],"predecessor-version":[{"id":544,"href":"https:\/\/tripela.ipleiria.pt\/index.php?rest_route=\/wp\/v2\/pages\/53\/revisions\/544"}],"wp:attachment":[{"href":"https:\/\/tripela.ipleiria.pt\/index.php?rest_route=%2Fwp%2Fv2%2Fmedia&parent=53"}],"curies":[{"name":"wp","href":"https:\/\/api.w.org\/{rel}","templated":true}]}}