{"id":36,"date":"2012-02-03T19:40:25","date_gmt":"2012-02-03T19:40:25","guid":{"rendered":"http:\/\/sites.ipleiria.pt\/tripela\/?page_id=36"},"modified":"2013-05-13T15:09:29","modified_gmt":"2013-05-13T15:09:29","slug":"agenda","status":"publish","type":"page","link":"https:\/\/tripela.ipleiria.pt\/?page_id=36","title":{"rendered":"Agenda"},"content":{"rendered":"<p><span style=\"color: #0000ff\"><strong>Aula aberta de Tripela<\/strong><\/span><\/p>\n<p><strong>Data:<\/strong> 19\/5\/2013<br \/>\n<strong>Hor\u00e1rio<\/strong>: 9h30<br \/>\n<strong>Local:<\/strong> Centro Nacional de Lan\u00e7amentos<\/p>\n<p><span style=\"color: #0000ff\"><strong>4<\/strong><\/span><span style=\"color: #0000ff\"><strong>\u00aa Ta\u00e7a da Tripela de Praia<\/strong><\/span><\/p>\n<div><strong>Data:\u00a0<\/strong>16 e 17 de Junho, na Praia das Paredes da Vit\u00f3ria (Alcoba\u00e7a).<\/div>\n<div><strong>Pre\u00e7o por equipa:<\/strong> 25\u20ac (m\u00ednimo de 4 jogadores e m\u00e1ximo de 7) \u2013 inscri\u00e7\u00e3o extra<\/div>\n<div>acresce 4\u20ac<\/div>\n<div><strong>Inscri\u00e7\u00e3o d\u00e1 direito a:<\/strong> seguro desportivo; T-shirt; descontos nos estabelecimentos aderentes (atrav\u00e9s da pulseira de identifica\u00e7\u00e3o) e acesso \u00e0 cl\u00e1ssica Festeite on DBEach (um cl\u00e1ssico do curso de Desporto e Bem-Estar).<\/div>\n<div>Al\u00e9m dos jogos temos um campo de Voleibol\/Futevolei dispon\u00edvel.<\/div>\n<div>Fase de grupos \u2013 16\/6<\/div>\n<div>Festeite on\u2026 DBEach \u2013 16\/6<\/div>\n<div>Fase final \u2013 17\/6<\/div>\n<div>Informa\u00e7\u00f5es e inscri\u00e7\u00f5es para tripela08@gmail.com ou <a href=\"mailto:nuno.amaro@ipleiria.pt\">nuno.amaro@ipleiria.pt<\/a><\/div>\n<div><a title=\"Regulamento \" href=\"http:\/\/tripela.ipleiria.pt\/files\/2012\/02\/Regulamento_4\u00aa-Ta\u00e7a-de-Tripela-de-Praia.pdf\" target=\"_blank\">Regulamento da 4\u00aa Ta\u00e7a de Tripela de Praia<\/a><\/div>\n<div><\/div>\n<div><a title=\"Calend\u00e1rio\" href=\"http:\/\/tripela.ipleiria.pt\/files\/2012\/05\/Grupos-e-Calend\u00e1rio-de-Jogos.pdf\" target=\"_blank\">Calend\u00e1rio de Jogos <\/a><\/div>\n","protected":false},"excerpt":{"rendered":"<p>Aula aberta de Tripela Data: 19\/5\/2013 Hor\u00e1rio: 9h30 Local: Centro Nacional de Lan\u00e7amentos 4\u00aa Ta\u00e7a da Tripela de Praia Data:\u00a016 e 17 de Junho, na Praia das Paredes da Vit\u00f3ria (Alcoba\u00e7a). Pre\u00e7o por equipa: 25\u20ac (m\u00ednimo de 4 jogadores e &hellip; <a href=\"https:\/\/tripela.ipleiria.pt\/?page_id=36\">Continuar a ler <span class=\"meta-nav\">&rarr;<\/span><\/a><\/p>\n","protected":false},"author":36,"featured_media":0,"parent":0,"menu_order":49,"comment_status":"closed","ping_status":"closed","template":"","meta":{"footnotes":""},"class_list":["post-36","page","type-page","status-publish","hentry"],"_links":{"self":[{"href":"https:\/\/tripela.ipleiria.pt\/index.php?rest_route=\/wp\/v2\/pages\/36","targetHints":{"allow":["GET"]}}],"collection":[{"href":"https:\/\/tripela.ipleiria.pt\/index.php?rest_route=\/wp\/v2\/pages"}],"about":[{"href":"https:\/\/tripela.ipleiria.pt\/index.php?rest_route=\/wp\/v2\/types\/page"}],"author":[{"embeddable":true,"href":"https:\/\/tripela.ipleiria.pt\/index.php?rest_route=\/wp\/v2\/users\/36"}],"replies":[{"embeddable":true,"href":"https:\/\/tripela.ipleiria.pt\/index.php?rest_route=%2Fwp%2Fv2%2Fcomments&post=36"}],"version-history":[{"count":34,"href":"https:\/\/tripela.ipleiria.pt\/index.php?rest_route=\/wp\/v2\/pages\/36\/revisions"}],"predecessor-version":[{"id":212,"href":"https:\/\/tripela.ipleiria.pt\/index.php?rest_route=\/wp\/v2\/pages\/36\/revisions\/212"}],"wp:attachment":[{"href":"https:\/\/tripela.ipleiria.pt\/index.php?rest_route=%2Fwp%2Fv2%2Fmedia&parent=36"}],"curies":[{"name":"wp","href":"https:\/\/api.w.org\/{rel}","templated":true}]}}