{"id":106,"date":"2012-01-27T11:10:09","date_gmt":"2012-01-27T11:10:09","guid":{"rendered":"http:\/\/sites.ipleiria.pt\/tripela\/?page_id=2"},"modified":"2022-01-25T14:38:43","modified_gmt":"2022-01-25T14:38:43","slug":"pagina-exemplo-2","status":"publish","type":"page","link":"https:\/\/tripela.ipleiria.pt\/?page_id=106","title":{"rendered":"O Jogo"},"content":{"rendered":"<p style=\"text-align: justify\">A Tripela \u00e9 uma modalidade\u00a0desportiva coletiva de invas\u00e3o, jogada com os membros superiores e inferiores. Como? Recebe-se com as m\u00e3os e remata-se com os p\u00e9s&#8230; Disputa-se, preferencialmente, em pavilh\u00e3o, num espa\u00e7o de 40 por 20 metros, 5 contra 5 jogadores, com substitui\u00e7\u00f5es ilimitadas e volantes, cabendo a um deles a fun\u00e7\u00e3o de joker (privil\u00e9gios defensivos e ofensivos). Obriga a uma utiliza\u00e7\u00e3o sequencial de membros superiores e inferiores (por esta ordem), em cada posse de bola individual, respectivamente para fazer a sua recep\u00e7\u00e3o e o seu envio (passe ou remate).<\/p>\n<p style=\"text-align: justify\"><img loading=\"lazy\" decoding=\"async\" class=\"aligncenter size-medium wp-image-158\" src=\"http:\/\/tripela.ipleiria.pt\/files\/2012\/01\/P1170292-300x225.jpg\" alt=\"\" width=\"300\" height=\"225\" srcset=\"https:\/\/tripela.ipleiria.pt\/files\/2012\/01\/P1170292-300x225.jpg 300w, https:\/\/tripela.ipleiria.pt\/files\/2012\/01\/P1170292-1024x768.jpg 1024w, https:\/\/tripela.ipleiria.pt\/files\/2012\/01\/P1170292-400x300.jpg 400w\" sizes=\"auto, (max-width: 300px) 100vw, 300px\" \/><\/p>\n<p style=\"text-align: center\"><a href=\"http:\/\/tripela.ipleiria.pt\/files\/2022\/01\/Tripela.mp4\">Clique para ver V\u00eddeo ilustrativo<\/a><\/p>\n","protected":false},"excerpt":{"rendered":"<p>A Tripela \u00e9 uma modalidade\u00a0desportiva coletiva de invas\u00e3o, jogada com os membros superiores e inferiores. Como? Recebe-se com as m\u00e3os e remata-se com os p\u00e9s&#8230; Disputa-se, preferencialmente, em pavilh\u00e3o, num espa\u00e7o de 40 por 20 metros, 5 contra 5 jogadores, &hellip; <a href=\"https:\/\/tripela.ipleiria.pt\/?page_id=106\">Continuar a ler <span class=\"meta-nav\">&rarr;<\/span><\/a><\/p>\n","protected":false},"author":36,"featured_media":0,"parent":0,"menu_order":0,"comment_status":"closed","ping_status":"closed","template":"","meta":{"footnotes":""},"class_list":["post-106","page","type-page","status-publish","hentry"],"_links":{"self":[{"href":"https:\/\/tripela.ipleiria.pt\/index.php?rest_route=\/wp\/v2\/pages\/106","targetHints":{"allow":["GET"]}}],"collection":[{"href":"https:\/\/tripela.ipleiria.pt\/index.php?rest_route=\/wp\/v2\/pages"}],"about":[{"href":"https:\/\/tripela.ipleiria.pt\/index.php?rest_route=\/wp\/v2\/types\/page"}],"author":[{"embeddable":true,"href":"https:\/\/tripela.ipleiria.pt\/index.php?rest_route=\/wp\/v2\/users\/36"}],"replies":[{"embeddable":true,"href":"https:\/\/tripela.ipleiria.pt\/index.php?rest_route=%2Fwp%2Fv2%2Fcomments&post=106"}],"version-history":[{"count":23,"href":"https:\/\/tripela.ipleiria.pt\/index.php?rest_route=\/wp\/v2\/pages\/106\/revisions"}],"predecessor-version":[{"id":550,"href":"https:\/\/tripela.ipleiria.pt\/index.php?rest_route=\/wp\/v2\/pages\/106\/revisions\/550"}],"wp:attachment":[{"href":"https:\/\/tripela.ipleiria.pt\/index.php?rest_route=%2Fwp%2Fv2%2Fmedia&parent=106"}],"curies":[{"name":"wp","href":"https:\/\/api.w.org\/{rel}","templated":true}]}}