{"id":606,"date":"2024-07-24T12:49:04","date_gmt":"2024-07-24T12:49:04","guid":{"rendered":"https:\/\/tripela.ipleiria.pt\/?page_id=606"},"modified":"2024-07-24T13:00:38","modified_gmt":"2024-07-24T13:00:38","slug":"videos","status":"publish","type":"page","link":"https:\/\/tripela.ipleiria.pt\/?page_id=606","title":{"rendered":"V\u00eddeos"},"content":{"rendered":"<p><\/p>\n\n\n<p>Aqui pode encontrar todos os v\u00eddeos da Tripela<br><br>V\u00eddeos das A\u00e7\u00f5es T\u00e9cnico-T\u00e1ticas, das formas jogadas e do jogo formal<\/p>\n\n\n\n<p><br><a href=\"https:\/\/www.youtube.com\/@tripela.ipleiria\/community\" target=\"_blank\" rel=\"noreferrer noopener\">https:\/\/www.youtube.com\/@tripela.ipleiria\/community<\/a><br><\/p>\n\n\n\n<figure class=\"wp-block-image size-large\"><a href=\"https:\/\/tripela.ipleiria.pt\/files\/2024\/07\/ererewrewr.jpg\"><img loading=\"lazy\" decoding=\"async\" width=\"720\" height=\"720\" src=\"https:\/\/tripela.ipleiria.pt\/files\/2024\/07\/ererewrewr-edited.jpg\" alt=\"\" class=\"wp-image-615\" srcset=\"https:\/\/tripela.ipleiria.pt\/files\/2024\/07\/ererewrewr-edited.jpg 720w, https:\/\/tripela.ipleiria.pt\/files\/2024\/07\/ererewrewr-edited-300x300.jpg 300w, https:\/\/tripela.ipleiria.pt\/files\/2024\/07\/ererewrewr-edited-150x150.jpg 150w\" sizes=\"auto, (max-width: 720px) 100vw, 720px\" \/><\/a><\/figure>\n\n\n\n<p><\/p>\n\n\n\n<p><br><br><\/p>\n\n\n<\/p>\n<p><\/p>","protected":false},"excerpt":{"rendered":"<p>Aqui pode encontrar todos os v\u00eddeos da Tripela V\u00eddeos das A\u00e7\u00f5es T\u00e9cnico-T\u00e1ticas, das formas jogadas e do jogo formal https:\/\/www.youtube.com\/@tripela.ipleiria\/community<\/p>\n","protected":false},"author":583,"featured_media":0,"parent":0,"menu_order":0,"comment_status":"closed","ping_status":"closed","template":"","meta":{"footnotes":""},"class_list":["post-606","page","type-page","status-publish","hentry"],"_links":{"self":[{"href":"https:\/\/tripela.ipleiria.pt\/index.php?rest_route=\/wp\/v2\/pages\/606","targetHints":{"allow":["GET"]}}],"collection":[{"href":"https:\/\/tripela.ipleiria.pt\/index.php?rest_route=\/wp\/v2\/pages"}],"about":[{"href":"https:\/\/tripela.ipleiria.pt\/index.php?rest_route=\/wp\/v2\/types\/page"}],"author":[{"embeddable":true,"href":"https:\/\/tripela.ipleiria.pt\/index.php?rest_route=\/wp\/v2\/users\/583"}],"replies":[{"embeddable":true,"href":"https:\/\/tripela.ipleiria.pt\/index.php?rest_route=%2Fwp%2Fv2%2Fcomments&post=606"}],"version-history":[{"count":6,"href":"https:\/\/tripela.ipleiria.pt\/index.php?rest_route=\/wp\/v2\/pages\/606\/revisions"}],"predecessor-version":[{"id":616,"href":"https:\/\/tripela.ipleiria.pt\/index.php?rest_route=\/wp\/v2\/pages\/606\/revisions\/616"}],"wp:attachment":[{"href":"https:\/\/tripela.ipleiria.pt\/index.php?rest_route=%2Fwp%2Fv2%2Fmedia&parent=606"}],"curies":[{"name":"wp","href":"https:\/\/api.w.org\/{rel}","templated":true}]}}